{"id":1092,"date":"2021-09-10T13:01:39","date_gmt":"2021-09-10T11:01:39","guid":{"rendered":"https:\/\/upwavre.be\/up\/?page_id=1092"},"modified":"2021-09-10T13:03:05","modified_gmt":"2021-09-10T11:03:05","slug":"pole-catechese","status":"publish","type":"page","link":"https:\/\/upwavre.be\/up\/pole-catechese\/","title":{"rendered":"P\u00f4le &#8220;cat\u00e9ch\u00e8se&#8221;"},"content":{"rendered":"\n<p>Objectif global : cr\u00e9er des liens entre les cat\u00e9chistes des diff\u00e9rentes paroisses en vue d&#8217;un soutien mutuel, et pour pr\u00e9parer un avenir o\u00f9 la collaboration sera plus n\u00e9cessaire qu&#8217;actuellement. Objectifs concrets actuels :<\/p>\n\n\n\n<ul class=\"wp-block-list\"><li>assurer le relais entre le Vicariat et les cat\u00e9chistes des diff\u00e9rentes paroisses de l&#8217;U.P.<\/li><li>entraide interparoissiale \u00e0 l&#8217;occasion de journ\u00e9es ou activit\u00e9s vicariales (Transmission, marche chrismale,&#8230;)<\/li><li>une organisation commune de la Journ\u00e9e du pardon.<\/li><li>r\u00e9unir ponctuellement les cat\u00e9chistes en vue de cr\u00e9er des liens<\/li><\/ul>\n\n\n\n<p>Coresponsables du p\u00f4le : Fran\u00e7ois Paulus et Biaise Mbongo.<\/p>\n","protected":false},"excerpt":{"rendered":"<p>Objectif global : cr\u00e9er des liens entre les cat\u00e9chistes des diff\u00e9rentes paroisses en vue d&#8217;un soutien mutuel, et pour pr\u00e9parer un avenir o\u00f9 la collaboration sera plus n\u00e9cessaire qu&#8217;actuellement. Objectifs [&hellip;]<\/p>\n","protected":false},"author":1,"featured_media":0,"parent":0,"menu_order":0,"comment_status":"closed","ping_status":"closed","template":"","meta":{"_exactmetrics_skip_tracking":false,"_exactmetrics_sitenote_active":false,"_exactmetrics_sitenote_note":"","_exactmetrics_sitenote_category":0,"footnotes":""},"class_list":["post-1092","page","type-page","status-publish","hentry"],"_links":{"self":[{"href":"https:\/\/upwavre.be\/up\/wp-json\/wp\/v2\/pages\/1092","targetHints":{"allow":["GET"]}}],"collection":[{"href":"https:\/\/upwavre.be\/up\/wp-json\/wp\/v2\/pages"}],"about":[{"href":"https:\/\/upwavre.be\/up\/wp-json\/wp\/v2\/types\/page"}],"author":[{"embeddable":true,"href":"https:\/\/upwavre.be\/up\/wp-json\/wp\/v2\/users\/1"}],"replies":[{"embeddable":true,"href":"https:\/\/upwavre.be\/up\/wp-json\/wp\/v2\/comments?post=1092"}],"version-history":[{"count":2,"href":"https:\/\/upwavre.be\/up\/wp-json\/wp\/v2\/pages\/1092\/revisions"}],"predecessor-version":[{"id":1095,"href":"https:\/\/upwavre.be\/up\/wp-json\/wp\/v2\/pages\/1092\/revisions\/1095"}],"wp:attachment":[{"href":"https:\/\/upwavre.be\/up\/wp-json\/wp\/v2\/media?parent=1092"}],"curies":[{"name":"wp","href":"https:\/\/api.w.org\/{rel}","templated":true}]}}