{"id":1116,"date":"2021-09-10T16:21:37","date_gmt":"2021-09-10T14:21:37","guid":{"rendered":"https:\/\/upwavre.be\/up\/?page_id=1116"},"modified":"2021-09-10T16:22:28","modified_gmt":"2021-09-10T14:22:28","slug":"pole-grandir-dans-la-foi","status":"publish","type":"page","link":"https:\/\/upwavre.be\/up\/pole-grandir-dans-la-foi\/","title":{"rendered":"P\u00f4le &#8220;grandir dans la foi&#8221;"},"content":{"rendered":"\n<p>Objectif global : porter le souci de l&#8217;approfondissement de la foi dans l&#8217;ensemble des paroisses de l&#8217;U.P. (prospection, discernement, mise en \u0153uvre)<\/p>\n\n\n\n<p>Objectifs concrets actuels :<\/p>\n\n\n\n<ul class=\"wp-block-list\"><li>l&#8217;accompagnement des d\u00e9marches cat\u00e9chum\u00e9nales<\/li><li>l&#8217;accompagnement de groupes bibliques<\/li><li>la proposition de soir\u00e9es ponctuelles de conf\u00e9rences<\/li><li>discerner parmi les offres de formations propos\u00e9es par le Vicariat (par ex. SEPAC, Alpha-Parents, &#8230;)<br>\u00e9galement envisager des \u00e9v\u00e9nements plus larges au niveau de l&#8217;U.P., comme, par exemple, dans le cadre du &#8220;Printemps des Libert\u00e9s&#8221;. <\/li><\/ul>\n\n\n\n<p>Coresponsables du p\u00f4le : Agn\u00e8s Lambeau et Fran\u00e7ois-Xavier Compt\u00e9.<\/p>\n","protected":false},"excerpt":{"rendered":"<p>Objectif global : porter le souci de l&#8217;approfondissement de la foi dans l&#8217;ensemble des paroisses de l&#8217;U.P. (prospection, discernement, mise en \u0153uvre) Objectifs concrets actuels : l&#8217;accompagnement des d\u00e9marches cat\u00e9chum\u00e9nales [&hellip;]<\/p>\n","protected":false},"author":1,"featured_media":0,"parent":0,"menu_order":0,"comment_status":"closed","ping_status":"closed","template":"","meta":{"_exactmetrics_skip_tracking":false,"_exactmetrics_sitenote_active":false,"_exactmetrics_sitenote_note":"","_exactmetrics_sitenote_category":0,"footnotes":""},"class_list":["post-1116","page","type-page","status-publish","hentry"],"_links":{"self":[{"href":"https:\/\/upwavre.be\/up\/wp-json\/wp\/v2\/pages\/1116","targetHints":{"allow":["GET"]}}],"collection":[{"href":"https:\/\/upwavre.be\/up\/wp-json\/wp\/v2\/pages"}],"about":[{"href":"https:\/\/upwavre.be\/up\/wp-json\/wp\/v2\/types\/page"}],"author":[{"embeddable":true,"href":"https:\/\/upwavre.be\/up\/wp-json\/wp\/v2\/users\/1"}],"replies":[{"embeddable":true,"href":"https:\/\/upwavre.be\/up\/wp-json\/wp\/v2\/comments?post=1116"}],"version-history":[{"count":3,"href":"https:\/\/upwavre.be\/up\/wp-json\/wp\/v2\/pages\/1116\/revisions"}],"predecessor-version":[{"id":1120,"href":"https:\/\/upwavre.be\/up\/wp-json\/wp\/v2\/pages\/1116\/revisions\/1120"}],"wp:attachment":[{"href":"https:\/\/upwavre.be\/up\/wp-json\/wp\/v2\/media?parent=1116"}],"curies":[{"name":"wp","href":"https:\/\/api.w.org\/{rel}","templated":true}]}}