{"id":1121,"date":"2021-09-10T16:28:26","date_gmt":"2021-09-10T14:28:26","guid":{"rendered":"https:\/\/upwavre.be\/up\/?page_id=1121"},"modified":"2021-09-10T16:33:57","modified_gmt":"2021-09-10T14:33:57","slug":"pole-sante-2","status":"publish","type":"page","link":"https:\/\/upwavre.be\/up\/pole-sante-2\/","title":{"rendered":"P\u00f4le &#8220;sant\u00e9&#8221;"},"content":{"rendered":"\n<p>Objectif global : envoy\u00e9s en Eglise, \u00eatre pr\u00e9sence de proximit\u00e9 fraternelle, signe de la pr\u00e9sence mis\u00e9ri\u00adcordieuse de Dieu, aupr\u00e8s de ceux que nous visitons ou sommes appel\u00e9s \u00e0 visiter (personnes malades, \u00e2g\u00e9es, isol\u00e9es), en portant le souci des visites \u00e0 domicile et des cinq maisons de repos.<\/p>\n\n\n\n<div class=\"wp-block-group\"><div class=\"wp-block-group__inner-container is-layout-flow wp-block-group-is-layout-flow\">\n<p>Objectifs concrets actuels :<\/p>\n\n\n\n<ul class=\"wp-block-list\"><li>la c\u00e9l\u00e9bration annuelle de la Journ\u00e9e des malades autour du 11 f\u00e9vrier<\/li><li>proposer le sacrement des malades \u00e0 l&#8217;occasion de c\u00e9l\u00e9brations dans les maisons de repos<br>le souci que chaque visiteur ait un lieu d&#8217;\u00e9coute et de partage<\/li><li>avoir le souci de l&#8217;interg\u00e9n\u00e9rationnel<\/li><\/ul>\n\n\n\n<p><\/p>\n<\/div><\/div>\n\n\n\n<p>Coresponsables du p\u00f4le :&#8230; et William Kazadi.<\/p>\n\n\n\n<p>N.B. Une r\u00e9flexion pour un renouvellement du p\u00f4le est en cours, men\u00e9e par No\u00eblle de la Bonnelli\u00e8re et William Kazadi. Cette r\u00e9flexion red\u00e9finira les objectifs.<\/p>\n","protected":false},"excerpt":{"rendered":"<p>Objectif global : envoy\u00e9s en Eglise, \u00eatre pr\u00e9sence de proximit\u00e9 fraternelle, signe de la pr\u00e9sence mis\u00e9ri\u00adcordieuse de Dieu, aupr\u00e8s de ceux que nous visitons ou sommes appel\u00e9s \u00e0 visiter (personnes [&hellip;]<\/p>\n","protected":false},"author":1,"featured_media":0,"parent":0,"menu_order":0,"comment_status":"closed","ping_status":"closed","template":"","meta":{"_exactmetrics_skip_tracking":false,"_exactmetrics_sitenote_active":false,"_exactmetrics_sitenote_note":"","_exactmetrics_sitenote_category":0,"footnotes":""},"class_list":["post-1121","page","type-page","status-publish","hentry"],"_links":{"self":[{"href":"https:\/\/upwavre.be\/up\/wp-json\/wp\/v2\/pages\/1121","targetHints":{"allow":["GET"]}}],"collection":[{"href":"https:\/\/upwavre.be\/up\/wp-json\/wp\/v2\/pages"}],"about":[{"href":"https:\/\/upwavre.be\/up\/wp-json\/wp\/v2\/types\/page"}],"author":[{"embeddable":true,"href":"https:\/\/upwavre.be\/up\/wp-json\/wp\/v2\/users\/1"}],"replies":[{"embeddable":true,"href":"https:\/\/upwavre.be\/up\/wp-json\/wp\/v2\/comments?post=1121"}],"version-history":[{"count":6,"href":"https:\/\/upwavre.be\/up\/wp-json\/wp\/v2\/pages\/1121\/revisions"}],"predecessor-version":[{"id":1130,"href":"https:\/\/upwavre.be\/up\/wp-json\/wp\/v2\/pages\/1121\/revisions\/1130"}],"wp:attachment":[{"href":"https:\/\/upwavre.be\/up\/wp-json\/wp\/v2\/media?parent=1121"}],"curies":[{"name":"wp","href":"https:\/\/api.w.org\/{rel}","templated":true}]}}