{"id":1131,"date":"2021-09-10T16:35:37","date_gmt":"2021-09-10T14:35:37","guid":{"rendered":"https:\/\/upwavre.be\/up\/?page_id=1131"},"modified":"2022-10-21T17:06:52","modified_gmt":"2022-10-21T15:06:52","slug":"conseil-economique","status":"publish","type":"page","link":"https:\/\/upwavre.be\/up\/conseil-economique\/","title":{"rendered":"Conseil \u00e9conomique"},"content":{"rendered":"\n<p>Notre U.P. s&#8217;est fait reconna\u00eetre comme section 6025 de l&#8217;asbl AOP r\u00e9gion de Wavre.<\/p>\n\n\n\n<p>Son gestionnaire en est Guy Jourquin.<\/p>\n\n\n\n<p>Le peu d&#8217;implications financi\u00e8res du fonctionnement actuel de l&#8217;UP ne n\u00e9cessite pas une v\u00e9ritable \u00e9quipe. Une supervision des comptes est faite par Andr\u00e9 Sarota et Biaise Mbongo.<\/p>\n","protected":false},"excerpt":{"rendered":"<p>Notre U.P. s&#8217;est fait reconna\u00eetre comme section 6025 de l&#8217;asbl AOP r\u00e9gion de Wavre. Son gestionnaire en est Guy Jourquin. Le peu d&#8217;implications financi\u00e8res du fonctionnement actuel de l&#8217;UP ne [&hellip;]<\/p>\n","protected":false},"author":1,"featured_media":0,"parent":0,"menu_order":0,"comment_status":"closed","ping_status":"closed","template":"","meta":{"_exactmetrics_skip_tracking":false,"_exactmetrics_sitenote_active":false,"_exactmetrics_sitenote_note":"","_exactmetrics_sitenote_category":0,"footnotes":""},"class_list":["post-1131","page","type-page","status-publish","hentry"],"_links":{"self":[{"href":"https:\/\/upwavre.be\/up\/wp-json\/wp\/v2\/pages\/1131","targetHints":{"allow":["GET"]}}],"collection":[{"href":"https:\/\/upwavre.be\/up\/wp-json\/wp\/v2\/pages"}],"about":[{"href":"https:\/\/upwavre.be\/up\/wp-json\/wp\/v2\/types\/page"}],"author":[{"embeddable":true,"href":"https:\/\/upwavre.be\/up\/wp-json\/wp\/v2\/users\/1"}],"replies":[{"embeddable":true,"href":"https:\/\/upwavre.be\/up\/wp-json\/wp\/v2\/comments?post=1131"}],"version-history":[{"count":2,"href":"https:\/\/upwavre.be\/up\/wp-json\/wp\/v2\/pages\/1131\/revisions"}],"predecessor-version":[{"id":1220,"href":"https:\/\/upwavre.be\/up\/wp-json\/wp\/v2\/pages\/1131\/revisions\/1220"}],"wp:attachment":[{"href":"https:\/\/upwavre.be\/up\/wp-json\/wp\/v2\/media?parent=1131"}],"curies":[{"name":"wp","href":"https:\/\/api.w.org\/{rel}","templated":true}]}}