{"id":1134,"date":"2021-09-10T16:37:24","date_gmt":"2021-09-10T14:37:24","guid":{"rendered":"https:\/\/upwavre.be\/up\/?page_id=1134"},"modified":"2021-09-10T16:37:24","modified_gmt":"2021-09-10T14:37:24","slug":"linter-fabrique","status":"publish","type":"page","link":"https:\/\/upwavre.be\/up\/linter-fabrique\/","title":{"rendered":"L&#8217;Inter-Fabrique"},"content":{"rendered":"\n<p>sera relanc\u00e9e par Laurent Temmerman et sera constitu\u00e9e d&#8217;un membre de chacune des 4 Fabriques ainsi que des 4 cur\u00e9s.<\/p>\n\n\n\n<p>Elle aura surtout un r\u00f4le de r\u00e9flexion prospective quant \u00e0 l&#8217;avenir de nos F.E.<\/p>\n","protected":false},"excerpt":{"rendered":"<p>sera relanc\u00e9e par Laurent Temmerman et sera constitu\u00e9e d&#8217;un membre de chacune des 4 Fabriques ainsi que des 4 cur\u00e9s. Elle aura surtout un r\u00f4le de r\u00e9flexion prospective quant \u00e0 [&hellip;]<\/p>\n","protected":false},"author":1,"featured_media":0,"parent":0,"menu_order":0,"comment_status":"closed","ping_status":"closed","template":"","meta":{"_exactmetrics_skip_tracking":false,"_exactmetrics_sitenote_active":false,"_exactmetrics_sitenote_note":"","_exactmetrics_sitenote_category":0,"footnotes":""},"class_list":["post-1134","page","type-page","status-publish","hentry"],"_links":{"self":[{"href":"https:\/\/upwavre.be\/up\/wp-json\/wp\/v2\/pages\/1134","targetHints":{"allow":["GET"]}}],"collection":[{"href":"https:\/\/upwavre.be\/up\/wp-json\/wp\/v2\/pages"}],"about":[{"href":"https:\/\/upwavre.be\/up\/wp-json\/wp\/v2\/types\/page"}],"author":[{"embeddable":true,"href":"https:\/\/upwavre.be\/up\/wp-json\/wp\/v2\/users\/1"}],"replies":[{"embeddable":true,"href":"https:\/\/upwavre.be\/up\/wp-json\/wp\/v2\/comments?post=1134"}],"version-history":[{"count":1,"href":"https:\/\/upwavre.be\/up\/wp-json\/wp\/v2\/pages\/1134\/revisions"}],"predecessor-version":[{"id":1136,"href":"https:\/\/upwavre.be\/up\/wp-json\/wp\/v2\/pages\/1134\/revisions\/1136"}],"wp:attachment":[{"href":"https:\/\/upwavre.be\/up\/wp-json\/wp\/v2\/media?parent=1134"}],"curies":[{"name":"wp","href":"https:\/\/api.w.org\/{rel}","templated":true}]}}